{"id":1256,"date":"2020-04-16T14:26:28","date_gmt":"2020-04-16T12:26:28","guid":{"rendered":"https:\/\/abeillenoire.eu\/cms\/?page_id=1256"},"modified":"2023-03-26T17:00:24","modified_gmt":"2023-03-26T15:00:24","slug":"mentions-legales","status":"publish","type":"page","link":"https:\/\/www.abeillenoire.eu\/cms\/mentions-legales\/","title":{"rendered":"mentions L\u00e9gales"},"content":{"rendered":"<div class=\"wpb-content-wrapper\"><p>[vc_row css=\u00a0\u00bb.vc_custom_1587397899120{margin-bottom: 30px !important;}\u00a0\u00bb][vc_column]<div class=\"dt-fancy-separator title-left h3-size\" style=\"width: 100%;\"><div class=\"dt-fancy-title\" style=\"color: #cb9000;\"><span class=\"separator-holder separator-left\" style=\"border-color: #cb9000;\"><\/span>PROPRI\u00c9TAIRE ET \u00c9DITEUR DU SITE<span class=\"separator-holder separator-right\" style=\"border-color: #cb9000;\"><\/span><\/div><\/div>[vc_column_text]<\/p>\n<div class=\"enTete\"><span class=\"top\">Ce site est l&rsquo;enti\u00e8re propri\u00e9t\u00e9 de l&rsquo;association du Conservatoire de l&rsquo;Abeille Noire Sologne Orl\u00e9anais.<\/span><\/div>\n<div><\/div>\n<blockquote>\n<div><span class=\"top\">Conservatoire de l&rsquo;Abeille Noire Sologne Orl\u00e9anais<\/span><\/div>\n<div>4 place du 8 Mai 1945<br \/>\n41250 MONT-PRES-CHAMBORD<\/div>\n<\/blockquote>\n<div>Adresse e-mail: contact@abeillenoire.eu<\/div>\n<div class=\"cookie\">\n<p>&nbsp;<\/p>\n<div class=\"parametrages\">\n<div class=\"checkbox\">\n<div class=\"non\"><\/div>\n<\/div>\n<\/div>\n<\/div>\n<p>[\/vc_column_text][\/vc_column][\/vc_row][vc_row css=\u00a0\u00bb.vc_custom_1587397936312{margin-bottom: 30px !important;}\u00a0\u00bb][vc_column]<div class=\"dt-fancy-separator title-left h3-size\" style=\"width: 100%;\"><div class=\"dt-fancy-title\" style=\"color: #cb9000;\"><span class=\"separator-holder separator-left\" style=\"border-color: #cb9000;\"><\/span>DIRECTION DE LA PUBLICATION<span class=\"separator-holder separator-right\" style=\"border-color: #cb9000;\"><\/span><\/div><\/div>[vc_column_text]<\/p>\n<div class=\"enTete\"><span class=\"top\">La direction de publication est le Conseil d&rsquo;Administration du Conservatoire de l&rsquo;Abeille Noire Sologne Orl\u00e9anais.<\/span><\/div>\n<div class=\"cookie\">\n<p>&nbsp;<\/p>\n<div class=\"parametrages\">\n<div class=\"checkbox\">\n<div class=\"non\"><\/div>\n<\/div>\n<\/div>\n<\/div>\n<p>[\/vc_column_text][\/vc_column][\/vc_row][vc_row css=\u00a0\u00bb.vc_custom_1587397948922{margin-bottom: 30px !important;}\u00a0\u00bb][vc_column]<div class=\"dt-fancy-separator title-left h3-size\" style=\"width: 100%;\"><div class=\"dt-fancy-title\" style=\"color: #cb9000;\"><span class=\"separator-holder separator-left\" style=\"border-color: #cb9000;\"><\/span>CONCEPTION - R\u00c9ALISATION<span class=\"separator-holder separator-right\" style=\"border-color: #cb9000;\"><\/span><\/div><\/div>[\/vc_column][vc_column][vc_column_text]Divino Conseils[\/vc_column_text][\/vc_column][\/vc_row][vc_row css=\u00a0\u00bb.vc_custom_1587397948922{margin-bottom: 30px !important;}\u00a0\u00bb][vc_column]<div class=\"dt-fancy-separator title-left h3-size\" style=\"width: 100%;\"><div class=\"dt-fancy-title\" style=\"color: #cb9000;\"><span class=\"separator-holder separator-left\" style=\"border-color: #cb9000;\"><\/span>H\u00c9BERGEMENT<span class=\"separator-holder separator-right\" style=\"border-color: #cb9000;\"><\/span><\/div><\/div>[\/vc_column][vc_column][vc_column_text]<span dir=\"ltr\" role=\"presentation\">Infomaniak Network SA<\/span><br role=\"presentation\" \/><span dir=\"ltr\" role=\"presentation\">Rue Eug\u00e8ne-Marziano 25<\/span><br role=\"presentation\" \/><span dir=\"ltr\" role=\"presentation\"> 1227 Gen\u00e8ve<\/span><br role=\"presentation\" \/><span dir=\"ltr\" role=\"presentation\">Suisse<\/span><br role=\"presentation\" \/><span dir=\"ltr\" role=\"presentation\">N\u00b0 IDE: CHE-103.167.648<\/span>[\/vc_column_text][\/vc_column][\/vc_row][vc_row css=\u00a0\u00bb.vc_custom_1587397965312{margin-bottom: 30px !important;}\u00a0\u00bb][vc_column]<div class=\"dt-fancy-separator title-left h3-size\" style=\"width: 100%;\"><div class=\"dt-fancy-title\" style=\"color: #cb9000;\"><span class=\"separator-holder separator-left\" style=\"border-color: #cb9000;\"><\/span>DONN\u00c9ES PERSONNELLES<span class=\"separator-holder separator-right\" style=\"border-color: #cb9000;\"><\/span><\/div><\/div>[vc_column_text]Conform\u00e9ment \u00e0 la loi \u00ab Informatique et Libert\u00e9s \u00bb du 6 janvier 1978 modifi\u00e9e en 2004, vous b\u00e9n\u00e9ficiez d&rsquo;un droit d&rsquo;acc\u00e8s et de rectification aux informations qui vous concernent (rectification, actualisation, suppression des donn\u00e9es), que vous pouvez exercer en vous adressant \u00e0 contact@abeillenoire.eu[\/vc_column_text][\/vc_column][\/vc_row][vc_row css=\u00a0\u00bb.vc_custom_1587397979631{margin-bottom: 30px !important;}\u00a0\u00bb][vc_column]<div class=\"dt-fancy-separator title-left h3-size\" style=\"width: 100%;\"><div class=\"dt-fancy-title\" style=\"color: #cb9000;\"><span class=\"separator-holder separator-left\" style=\"border-color: #cb9000;\"><\/span>PARAM\u00c8TRAGES DES COOKIES<span class=\"separator-holder separator-right\" style=\"border-color: #cb9000;\"><\/span><\/div><\/div>[vc_column_text]Lorsque vous naviguez sur notre site internet, des informations sont susceptibles d&rsquo;\u00eatre enregistr\u00e9es, ou lues, dans votre terminal, sous r\u00e9serve de vos choix.<\/p>\n<p>Le Conservatoire de l&rsquo;Abeille Noire Sologne Orl\u00e9anais s&rsquo;efforce de limiter l&rsquo;usage des cookies au strict n\u00e9cessaire pour le site web et la navigation.[\/vc_column_text][\/vc_column][\/vc_row][vc_row css=\u00a0\u00bb.vc_custom_1587397992100{margin-bottom: 30px !important;}\u00a0\u00bb][vc_column]<div class=\"dt-fancy-separator title-left h3-size\" style=\"width: 100%;\"><div class=\"dt-fancy-title\" style=\"color: #cb9000;\"><span class=\"separator-holder separator-left\" style=\"border-color: #cb9000;\"><\/span>CONTENU DU SITE<span class=\"separator-holder separator-right\" style=\"border-color: #cb9000;\"><\/span><\/div><\/div>[vc_column_text]<span class=\"top\">Le <\/span>Conservatoire de l&rsquo;Abeille Noire Sologne Orl\u00e9anais d\u00e9cline toute responsabilit\u00e9 pour les \u00e9ventuelles impr\u00e9cisions, inexactitudes ou omissions portant sur des informations disponibles sur ce site.<\/p>\n<h4><\/h4>\n<p>[\/vc_column_text][\/vc_column][\/vc_row][vc_row css=\u00a0\u00bb.vc_custom_1587398002398{margin-bottom: 30px !important;}\u00a0\u00bb][vc_column]<div class=\"dt-fancy-separator title-left h3-size\" style=\"width: 100%;\"><div class=\"dt-fancy-title\" style=\"color: #cb9000;\"><span class=\"separator-holder separator-left\" style=\"border-color: #cb9000;\"><\/span>PROPRI\u00c9T\u00c9 INTELLECTUELLE<span class=\"separator-holder separator-right\" style=\"border-color: #cb9000;\"><\/span><\/div><\/div>[vc_column_text]Ce site, ainsi que tous les \u00e9l\u00e9ments le composant (notamment textes, photographies, vid\u00e9os, marques, \u2026), constituent une \u0153uvre au sens des articles 112-2 et suivants du code de la Propri\u00e9t\u00e9 Intellectuelle, relevant en tant que telle de la l\u00e9gislation fran\u00e7aise et internationale sur la Propri\u00e9t\u00e9 Litt\u00e9raire et Artistique. La copie de pages du site sur quelque support que ce soit (y compris disque dur), est autoris\u00e9e \u00e0 des fins priv\u00e9es uniquement. En cons\u00e9quence, toute repr\u00e9sentation ou reproduction, m\u00eame partielle, qui pourrait \u00eatre faite du site ou des \u00e9l\u00e9ments le composant, \u00e0 des fins commerciales, sans le consentement pr\u00e9alable et \u00e9crit du Conservatoire de l&rsquo;Abeille Noire Sologne Orl\u00e9anais, est illicite et susceptible de constituer un acte de contrefa\u00e7on engageant les responsabilit\u00e9s civile et p\u00e9nale du contrefacteur.<\/p>\n<h4><\/h4>\n<p>[\/vc_column_text][\/vc_column][\/vc_row][vc_row css=\u00a0\u00bb.vc_custom_1587398014715{margin-bottom: 30px !important;}\u00a0\u00bb][vc_column]<div class=\"dt-fancy-separator title-left h3-size\" style=\"width: 100%;\"><div class=\"dt-fancy-title\" style=\"color: #cb9000;\"><span class=\"separator-holder separator-left\" style=\"border-color: #cb9000;\"><\/span>LIENS HYPERTEXTES<span class=\"separator-holder separator-right\" style=\"border-color: #cb9000;\"><\/span><\/div><\/div>[vc_column_text]Les liens hypertextes mis en place dans le cadre du pr\u00e9sent site internet en direction d&rsquo;autres sites pr\u00e9sents sur le r\u00e9seau Internet, ne sauraient engager la responsabilit\u00e9 du <span class=\"top\">Conservatoire de l&rsquo;Abeille Noire<\/span> en ce qui concerne leur contenu ou les liens qu&rsquo;ils contiennent, ainsi que leurs conditions d&rsquo;exploitation (notamment gestion des donn\u00e9es personnelles,&#8230;) La possibilit\u00e9 d&rsquo;\u00e9tablir des liens hypertextes simples vers le site est soumise \u00e0 l&rsquo;accord pr\u00e9alable du Conservatoire de l&rsquo;Abeille Noire Sologne Orl\u00e9anais. Tout lien hypertexte profond, ou utilisant la technique du framing (affichage d&rsquo;une page dans un cadre au sein d&rsquo;un autre site), est interdit.[\/vc_column_text][\/vc_column][\/vc_row][vc_row css=\u00a0\u00bb.vc_custom_1587398026184{margin-bottom: 30px !important;}\u00a0\u00bb][vc_column]<div class=\"dt-fancy-separator title-left h3-size\" style=\"width: 100%;\"><div class=\"dt-fancy-title\" style=\"color: #cb9000;\"><span class=\"separator-holder separator-left\" style=\"border-color: #cb9000;\"><\/span>EXON\u00c9RATION DE LA RESPONSABILIT\u00c9 TECHNIQUE<span class=\"separator-holder separator-right\" style=\"border-color: #cb9000;\"><\/span><\/div><\/div>[vc_column_text]Le\u00a0<span class=\"top\">Conservatoire de l&rsquo;Abeille Noire Sologne Orl\u00e9anais <\/span>s&rsquo;engage \u00e0 faire ses meilleurs efforts pour que le site internet\u00a0 soit accessible \u00e0 tout moment. N\u00e9anmoins, le <span class=\"top\">Conservatoire de l&rsquo;Abeille Noire<\/span> d\u00e9cline toute responsabilit\u00e9 en cas de difficult\u00e9 d&rsquo;acc\u00e8s \u00e0 son site ou d&rsquo;interruptions dans la connexion, quelles qu&rsquo;en soient les causes. Notamment, le Conservatoire de l&rsquo;Abeille Noire Sologne Orl\u00e9anais se r\u00e9serve le droit de proc\u00e9der \u00e0 toute modification du site qu&rsquo;il jugera utile, et cela sans avertissement pr\u00e9alable et m\u00eame si l&rsquo;acc\u00e8s au site en est cons\u00e9quemment interrompu. De plus, le Conservatoire de l&rsquo;Abeille Noire Sologne Orl\u00e9anais ne saurait \u00eatre tenu responsable des \u00e9ventuels dommages directs ou indirects, y compris l&rsquo;inaccessibilit\u00e9 au site, les pertes de donn\u00e9es, d\u00e9t\u00e9riorations, destructions qui pourraient affecter votre \u00e9quipement informatique.[\/vc_column_text][\/vc_column][\/vc_row][vc_row css=\u00a0\u00bb.vc_custom_1587398026184{margin-bottom: 30px !important;}\u00a0\u00bb][vc_column]<div class=\"dt-fancy-separator title-left h3-size\" style=\"width: 100%;\"><div class=\"dt-fancy-title\" style=\"color: #cb9000;\"><span class=\"separator-holder separator-left\" style=\"border-color: #cb9000;\"><\/span>RGPD<span class=\"separator-holder separator-right\" style=\"border-color: #cb9000;\"><\/span><\/div><\/div>[vc_column_text]Les informations recueillies dans le questionnaire sont enregistr\u00e9es dans un fichier informatis\u00e9 par <strong>le webmaster<\/strong> du site. La base l\u00e9gale du traitement est <strong>le consentement<\/strong>.<\/p>\n<p>Les donn\u00e9es collect\u00e9es seront communiqu\u00e9es aux seuls destinataires suivants : <strong>le pr\u00e9sident, les tr\u00e9soriers, les secr\u00e9taires et le webmaster.<\/strong> L&rsquo;ensemble de ces informations sont sont n\u00e9cessaires \u00e0 la bonne gestion des membres de l&rsquo;association, mais aussi pour le suivi du r\u00e8glement des adh\u00e9sions.<\/p>\n<p>Elles sont conserv\u00e9es pendant <strong>toute la dur\u00e9e de l&rsquo;adh\u00e9sion de l&rsquo;adh\u00e9rent +1 ann\u00e9e.<\/strong>, ou dans le cas de la newsletter jusqu&rsquo;\u00e0 votre d\u00e9sabonnement.<\/p>\n<p>Vous pouvez acc\u00e9der aux donn\u00e9es vous concernant, les rectifier, demander leur effacement ou exercer votre droit \u00e0 la limitation du traitement de vos donn\u00e9es. <strong>Vous pouvez retirer \u00e0 tout moment votre consentement au traitement de vos donn\u00e9es.<\/strong><\/p>\n<p>Consultez le site cnil.fr pour plus d\u2019informations sur vos droits.<\/p>\n<p>Pour exercer ces droits ou pour toute question sur le traitement de vos donn\u00e9es dans ce dispositif, vous pouvez contacter <strong>contact@abeillenoire.eu<\/strong>.<\/p>\n<p>Si vous estimez, apr\u00e8s nous avoir contact\u00e9s, que vos droits \u00ab Informatique et Libert\u00e9s \u00bb ne sont pas respect\u00e9s, vous pouvez adresser une r\u00e9clamation \u00e0 la CNIL.[\/vc_column_text][\/vc_column][\/vc_row]<\/p>\n<\/div>","protected":false},"excerpt":{"rendered":"<p>[vc_row css=\u00a0\u00bb.vc_custom_1587397899120{margin-bottom: 30px !important;}\u00a0\u00bb][vc_column][vc_column_text] Ce site est l&rsquo;enti\u00e8re propri\u00e9t\u00e9 de l&rsquo;association du Conservatoire de l&rsquo;Abeille Noire Sologne Orl\u00e9anais. Conservatoire de l&rsquo;Abeille Noire Sologne Orl\u00e9anais 4 place du 8 Mai 1945&hellip;<\/p>\n","protected":false},"author":5,"featured_media":0,"parent":0,"menu_order":0,"comment_status":"closed","ping_status":"closed","template":"","meta":{"_EventAllDay":false,"_EventTimezone":"","_EventStartDate":"","_EventEndDate":"","_EventStartDateUTC":"","_EventEndDateUTC":"","_EventShowMap":false,"_EventShowMapLink":false,"_EventURL":"","_EventCost":"","_EventCostDescription":"","_EventCurrencySymbol":"","_EventCurrencyCode":"","_EventCurrencyPosition":"","_EventDateTimeSeparator":"","_EventTimeRangeSeparator":"","_EventOrganizerID":[],"_EventVenueID":[],"_OrganizerEmail":"","_OrganizerPhone":"","_OrganizerWebsite":"","_VenueAddress":"","_VenueCity":"","_VenueCountry":"","_VenueProvince":"","_VenueState":"","_VenueZip":"","_VenuePhone":"","_VenueURL":"","_VenueStateProvince":"","_VenueLat":"","_VenueLng":"","_VenueShowMap":false,"_VenueShowMapLink":false,"footnotes":""},"class_list":["post-1256","page","type-page","status-publish","hentry","description-off"],"yoast_head":"<!-- This site is optimized with the Yoast SEO plugin v27.1.1 - https:\/\/yoast.com\/product\/yoast-seo-wordpress\/ -->\n<title>mentions L\u00e9gales - Conservatoire de l&#039;Abeille Noire<\/title>\n<meta name=\"robots\" content=\"index, follow, max-snippet:-1, max-image-preview:large, max-video-preview:-1\" \/>\n<link rel=\"canonical\" href=\"https:\/\/www.abeillenoire.eu\/cms\/mentions-legales\/\" \/>\n<meta property=\"og:locale\" content=\"fr_FR\" \/>\n<meta property=\"og:type\" content=\"article\" \/>\n<meta property=\"og:title\" content=\"mentions L\u00e9gales - Conservatoire de l&#039;Abeille Noire\" \/>\n<meta property=\"og:description\" content=\"[vc_row css=\u00a0\u00bb.vc_custom_1587397899120{margin-bottom: 30px !important;}\u00a0\u00bb][vc_column][vc_column_text] Ce site est l&rsquo;enti\u00e8re propri\u00e9t\u00e9 de l&rsquo;association du Conservatoire de l&rsquo;Abeille Noire Sologne Orl\u00e9anais. Conservatoire de l&rsquo;Abeille Noire Sologne Orl\u00e9anais 4 place du 8 Mai 1945&hellip;\" \/>\n<meta property=\"og:url\" content=\"https:\/\/www.abeillenoire.eu\/cms\/mentions-legales\/\" \/>\n<meta property=\"og:site_name\" content=\"Conservatoire de l&#039;Abeille Noire\" \/>\n<meta property=\"article:publisher\" content=\"https:\/\/www.facebook.com\/CANSOLOGNE\" \/>\n<meta property=\"article:modified_time\" content=\"2023-03-26T15:00:24+00:00\" \/>\n<meta name=\"twitter:card\" content=\"summary_large_image\" \/>\n<meta name=\"twitter:label1\" content=\"Dur\u00e9e de lecture estim\u00e9e\" \/>\n\t<meta name=\"twitter:data1\" content=\"5 minutes\" \/>\n<script type=\"application\/ld+json\" class=\"yoast-schema-graph\">{\"@context\":\"https:\/\/schema.org\",\"@graph\":[{\"@type\":\"WebPage\",\"@id\":\"https:\/\/www.abeillenoire.eu\/cms\/mentions-legales\/\",\"url\":\"https:\/\/www.abeillenoire.eu\/cms\/mentions-legales\/\",\"name\":\"mentions L\u00e9gales - Conservatoire de l&#039;Abeille Noire\",\"isPartOf\":{\"@id\":\"https:\/\/www.abeillenoire.eu\/cms\/#website\"},\"datePublished\":\"2020-04-16T12:26:28+00:00\",\"dateModified\":\"2023-03-26T15:00:24+00:00\",\"breadcrumb\":{\"@id\":\"https:\/\/www.abeillenoire.eu\/cms\/mentions-legales\/#breadcrumb\"},\"inLanguage\":\"fr-FR\",\"potentialAction\":[{\"@type\":\"ReadAction\",\"target\":[\"https:\/\/www.abeillenoire.eu\/cms\/mentions-legales\/\"]}]},{\"@type\":\"BreadcrumbList\",\"@id\":\"https:\/\/www.abeillenoire.eu\/cms\/mentions-legales\/#breadcrumb\",\"itemListElement\":[{\"@type\":\"ListItem\",\"position\":1,\"name\":\"Accueil\",\"item\":\"https:\/\/www.abeillenoire.eu\/cms\/\"},{\"@type\":\"ListItem\",\"position\":2,\"name\":\"mentions L\u00e9gales\"}]},{\"@type\":\"WebSite\",\"@id\":\"https:\/\/www.abeillenoire.eu\/cms\/#website\",\"url\":\"https:\/\/www.abeillenoire.eu\/cms\/\",\"name\":\"Conservatoire de l&#039;Abeille Noire\",\"description\":\"\",\"publisher\":{\"@id\":\"https:\/\/www.abeillenoire.eu\/cms\/#organization\"},\"potentialAction\":[{\"@type\":\"SearchAction\",\"target\":{\"@type\":\"EntryPoint\",\"urlTemplate\":\"https:\/\/www.abeillenoire.eu\/cms\/?s={search_term_string}\"},\"query-input\":{\"@type\":\"PropertyValueSpecification\",\"valueRequired\":true,\"valueName\":\"search_term_string\"}}],\"inLanguage\":\"fr-FR\"},{\"@type\":\"Organization\",\"@id\":\"https:\/\/www.abeillenoire.eu\/cms\/#organization\",\"name\":\"Conservatoire de l'Abeille Noire en Val de Loire - Sologne - For\u00eat\",\"url\":\"https:\/\/www.abeillenoire.eu\/cms\/\",\"logo\":{\"@type\":\"ImageObject\",\"inLanguage\":\"fr-FR\",\"@id\":\"https:\/\/www.abeillenoire.eu\/cms\/#\/schema\/logo\/image\/\",\"url\":\"https:\/\/www.abeillenoire.eu\/cms\/wp-content\/uploads\/2020\/06\/logo-conservatoire-abeille-noire.jpg\",\"contentUrl\":\"https:\/\/www.abeillenoire.eu\/cms\/wp-content\/uploads\/2020\/06\/logo-conservatoire-abeille-noire.jpg\",\"width\":189,\"height\":88,\"caption\":\"Conservatoire de l'Abeille Noire en Val de Loire - Sologne - For\u00eat\"},\"image\":{\"@id\":\"https:\/\/www.abeillenoire.eu\/cms\/#\/schema\/logo\/image\/\"},\"sameAs\":[\"https:\/\/www.facebook.com\/CANSOLOGNE\",\"https:\/\/www.instagram.com\/conservatoire_abeille_noire\/\"]}]}<\/script>\n<!-- \/ Yoast SEO plugin. -->","yoast_head_json":{"title":"mentions L\u00e9gales - Conservatoire de l&#039;Abeille Noire","robots":{"index":"index","follow":"follow","max-snippet":"max-snippet:-1","max-image-preview":"max-image-preview:large","max-video-preview":"max-video-preview:-1"},"canonical":"https:\/\/www.abeillenoire.eu\/cms\/mentions-legales\/","og_locale":"fr_FR","og_type":"article","og_title":"mentions L\u00e9gales - Conservatoire de l&#039;Abeille Noire","og_description":"[vc_row css=\u00a0\u00bb.vc_custom_1587397899120{margin-bottom: 30px !important;}\u00a0\u00bb][vc_column][vc_column_text] Ce site est l&rsquo;enti\u00e8re propri\u00e9t\u00e9 de l&rsquo;association du Conservatoire de l&rsquo;Abeille Noire Sologne Orl\u00e9anais. Conservatoire de l&rsquo;Abeille Noire Sologne Orl\u00e9anais 4 place du 8 Mai 1945&hellip;","og_url":"https:\/\/www.abeillenoire.eu\/cms\/mentions-legales\/","og_site_name":"Conservatoire de l&#039;Abeille Noire","article_publisher":"https:\/\/www.facebook.com\/CANSOLOGNE","article_modified_time":"2023-03-26T15:00:24+00:00","twitter_card":"summary_large_image","twitter_misc":{"Dur\u00e9e de lecture estim\u00e9e":"5 minutes"},"schema":{"@context":"https:\/\/schema.org","@graph":[{"@type":"WebPage","@id":"https:\/\/www.abeillenoire.eu\/cms\/mentions-legales\/","url":"https:\/\/www.abeillenoire.eu\/cms\/mentions-legales\/","name":"mentions L\u00e9gales - Conservatoire de l&#039;Abeille Noire","isPartOf":{"@id":"https:\/\/www.abeillenoire.eu\/cms\/#website"},"datePublished":"2020-04-16T12:26:28+00:00","dateModified":"2023-03-26T15:00:24+00:00","breadcrumb":{"@id":"https:\/\/www.abeillenoire.eu\/cms\/mentions-legales\/#breadcrumb"},"inLanguage":"fr-FR","potentialAction":[{"@type":"ReadAction","target":["https:\/\/www.abeillenoire.eu\/cms\/mentions-legales\/"]}]},{"@type":"BreadcrumbList","@id":"https:\/\/www.abeillenoire.eu\/cms\/mentions-legales\/#breadcrumb","itemListElement":[{"@type":"ListItem","position":1,"name":"Accueil","item":"https:\/\/www.abeillenoire.eu\/cms\/"},{"@type":"ListItem","position":2,"name":"mentions L\u00e9gales"}]},{"@type":"WebSite","@id":"https:\/\/www.abeillenoire.eu\/cms\/#website","url":"https:\/\/www.abeillenoire.eu\/cms\/","name":"Conservatoire de l&#039;Abeille Noire","description":"","publisher":{"@id":"https:\/\/www.abeillenoire.eu\/cms\/#organization"},"potentialAction":[{"@type":"SearchAction","target":{"@type":"EntryPoint","urlTemplate":"https:\/\/www.abeillenoire.eu\/cms\/?s={search_term_string}"},"query-input":{"@type":"PropertyValueSpecification","valueRequired":true,"valueName":"search_term_string"}}],"inLanguage":"fr-FR"},{"@type":"Organization","@id":"https:\/\/www.abeillenoire.eu\/cms\/#organization","name":"Conservatoire de l'Abeille Noire en Val de Loire - Sologne - For\u00eat","url":"https:\/\/www.abeillenoire.eu\/cms\/","logo":{"@type":"ImageObject","inLanguage":"fr-FR","@id":"https:\/\/www.abeillenoire.eu\/cms\/#\/schema\/logo\/image\/","url":"https:\/\/www.abeillenoire.eu\/cms\/wp-content\/uploads\/2020\/06\/logo-conservatoire-abeille-noire.jpg","contentUrl":"https:\/\/www.abeillenoire.eu\/cms\/wp-content\/uploads\/2020\/06\/logo-conservatoire-abeille-noire.jpg","width":189,"height":88,"caption":"Conservatoire de l'Abeille Noire en Val de Loire - Sologne - For\u00eat"},"image":{"@id":"https:\/\/www.abeillenoire.eu\/cms\/#\/schema\/logo\/image\/"},"sameAs":["https:\/\/www.facebook.com\/CANSOLOGNE","https:\/\/www.instagram.com\/conservatoire_abeille_noire\/"]}]}},"_links":{"self":[{"href":"https:\/\/www.abeillenoire.eu\/cms\/wp-json\/wp\/v2\/pages\/1256","targetHints":{"allow":["GET"]}}],"collection":[{"href":"https:\/\/www.abeillenoire.eu\/cms\/wp-json\/wp\/v2\/pages"}],"about":[{"href":"https:\/\/www.abeillenoire.eu\/cms\/wp-json\/wp\/v2\/types\/page"}],"author":[{"embeddable":true,"href":"https:\/\/www.abeillenoire.eu\/cms\/wp-json\/wp\/v2\/users\/5"}],"replies":[{"embeddable":true,"href":"https:\/\/www.abeillenoire.eu\/cms\/wp-json\/wp\/v2\/comments?post=1256"}],"version-history":[{"count":4,"href":"https:\/\/www.abeillenoire.eu\/cms\/wp-json\/wp\/v2\/pages\/1256\/revisions"}],"predecessor-version":[{"id":1858,"href":"https:\/\/www.abeillenoire.eu\/cms\/wp-json\/wp\/v2\/pages\/1256\/revisions\/1858"}],"wp:attachment":[{"href":"https:\/\/www.abeillenoire.eu\/cms\/wp-json\/wp\/v2\/media?parent=1256"}],"curies":[{"name":"wp","href":"https:\/\/api.w.org\/{rel}","templated":true}]}}