{"id":1368,"date":"2020-05-14T12:19:36","date_gmt":"2020-05-14T10:19:36","guid":{"rendered":"https:\/\/abeillenoire.eu\/cms\/?page_id=1368"},"modified":"2020-05-20T01:40:13","modified_gmt":"2020-05-19T23:40:13","slug":"bibliographie","status":"publish","type":"page","link":"https:\/\/www.abeillenoire.eu\/cms\/bibliographie\/","title":{"rendered":"Bibliographie"},"content":{"rendered":"<div class=\"wpb-content-wrapper\"><p>[vc_row css=\u00a0\u00bb.vc_custom_1587109205965{padding-bottom: 50px !important;}\u00a0\u00bb][vc_column][vc_column_text]<\/p>\n<h3>OUVRAGES SUR L&rsquo;APICULTURE<\/h3>\n<p>Nous vous proposons une petite s\u00e9lection d\u2019ouvrages sur l\u2019apiculture. Certes ce n\u2019est pas une s\u00e9lection exhaustive tant le choix est vaste. Ces livres du plus basique destin\u00e9 au d\u00e9butant au plus technique ou au plus savant ont souvent servi de support \u00e0 la r\u00e9flexion sur l\u2019apiculture que le Conservatoire veut mener.. D\u2019autres sont \u00e9galement de grande qualit\u00e9, n\u2019h\u00e9sitez pas \u00e0 nous les recommander que nous les ajoutions \u00e0 cette liste.<\/p>\n<p>&nbsp;<\/p>\n<h5><strong>H\u00e9r\u00e9dit\u00e9 chez l\u2019abeille et les colonies d\u2019abeilles<\/strong> <em>de Bernard Sauvaget<\/em><\/h5>\n<p><em>Cet ouvrage traite de la g\u00e9n\u00e9tique chez l\u2019abeille. La lecture en est \u00e0 la fois riche et ardue.<\/em><\/p>\n<p>&nbsp;<\/p>\n<h5><strong>Elever ses reines<\/strong> par Jean Riondet<\/h5>\n<p><em>Un livre tr\u00e8s technique sur tous les \u00e9levages de reines.<\/em><\/p>\n<p>&nbsp;<\/p>\n<h5><strong>L\u2019apiculture mois par mois<\/strong> de Jean Riondet<\/h5>\n<p><em>Suivre le travail de l\u2019apiculteur sur toute l\u2019ann\u00e9e, un livre bien utile au d\u00e9butant.<\/em><\/p>\n<p>&nbsp;<\/p>\n<h5><strong>Maladies des abeilles<\/strong> de Samuel Boucher<\/h5>\n<p><em>Peut-on s\u2019occuper des abeilles sans connaitre les maux qui les guettent ?<\/em><\/p>\n<p>&nbsp;<\/p>\n<h5><strong>L\u2019\u00e9levage des reines<\/strong>\u00a0de Gilles Fert<\/h5>\n<p><em>Un classique d\u2019un des grands sp\u00e9cialistes de l\u2019apiculture fran\u00e7ais.<\/em><\/p>\n<p>&nbsp;<\/p>\n<h5><strong>Comment d\u00e9buter en apiculture<\/strong> de Bernard Nicollet<\/h5>\n<p><em>Faire ses premiers pas en apiculture. <\/em><\/p>\n<p>&nbsp;<\/p>\n<h5><strong>D\u00e9velopper et maintenir des ruchers en apiculture naturelle <\/strong>de Bernard Nicollet<\/h5>\n<p><em>La suite du pr\u00e9c\u00e9dent avec des techniques simples et basiques pour multiplier ses colonies<\/em><\/p>\n<p>&nbsp;<\/p>\n<h5><strong>\u00a0Ruche Warr\u00e9<\/strong> <em>de Gilles Denis<\/em><\/h5>\n<p><em>Vous aurez en main la bible du warr\u00e9iste.<\/em><\/p>\n<p>&nbsp;<\/p>\n<h5><strong>Grand trait\u00e9 des miels<\/strong> de Isabelle Avisse<\/h5>\n<p><em>Ce miel, ce produit complexe, m\u00e9rite d\u2019\u00eatre mieux connu<\/em><\/p>\n<p>&nbsp;<\/p>\n<h5><strong>Soignez-vous avec les produits de la ruche<\/strong> de Nicolas Cardinaux<\/h5>\n<p><em>Un scientifique nous pr\u00e9sente d\u2019autres propri\u00e9t\u00e9s du miel et des produits de la ruche.<\/em><\/p>\n<p>&nbsp;<\/p>\n<h5><strong>Au trou de vo<\/strong>l de H.Storch<\/h5>\n<p><em>R\u00e9serv\u00e9 aux curieux contemplatifs !<\/em><\/p>\n<p>&nbsp;<\/p>\n<h5><strong><em>Apiculture biodynamique<\/em><\/strong><em> \u00a0<\/em>collectif d\u2019auteurs<\/h5>\n<p><em>Une r\u00e9f\u00e9rence en apiculture biodynamique<\/em><\/p>\n<p><em>\u00a0<\/em><\/p>\n<h3>REVUES<\/h3>\n<p><em>\u00a0<\/em><\/p>\n<h5><strong>Abeilles en libert\u00e9<\/strong><\/h5>\n<p>https:\/\/www.abeillesenliberte.fr<\/p>\n<p><em>Une revue qui traite de toutes les abeilles. Un dossier sp\u00e9cial abeilles noires dans le num\u00e9ro 2.<\/em><\/p>\n<p>&nbsp;<\/p>\n<h5><strong>Abeilles et fleurs<\/strong><\/h5>\n<p>https:\/\/www.unaf-apiculture.info<\/p>\n<p><em>La revue bien connue de l\u2019Union Nationale des Apiculteurs de France.<\/em><\/p>\n<p>&nbsp;<\/p>\n<h5><strong>InfoReines<\/strong><\/h5>\n<p><em>https:\/\/www.anercea.com <\/em><\/p>\n<p><em>La revue de l\u2019ANERCEA.<\/em>[\/vc_column_text][\/vc_column][\/vc_row]<\/p>\n<\/div>","protected":false},"excerpt":{"rendered":"<p>[vc_row css=\u00a0\u00bb.vc_custom_1587109205965{padding-bottom: 50px !important;}\u00a0\u00bb][vc_column][vc_column_text] OUVRAGES SUR L&rsquo;APICULTURE Nous vous proposons une petite s\u00e9lection d\u2019ouvrages sur l\u2019apiculture. Certes ce n\u2019est pas une s\u00e9lection exhaustive tant le choix est vaste. Ces livres&hellip;<\/p>\n","protected":false},"author":5,"featured_media":0,"parent":0,"menu_order":0,"comment_status":"closed","ping_status":"closed","template":"","meta":{"_EventAllDay":false,"_EventTimezone":"","_EventStartDate":"","_EventEndDate":"","_EventStartDateUTC":"","_EventEndDateUTC":"","_EventShowMap":false,"_EventShowMapLink":false,"_EventURL":"","_EventCost":"","_EventCostDescription":"","_EventCurrencySymbol":"","_EventCurrencyCode":"","_EventCurrencyPosition":"","_EventDateTimeSeparator":"","_EventTimeRangeSeparator":"","_EventOrganizerID":[],"_EventVenueID":[],"_OrganizerEmail":"","_OrganizerPhone":"","_OrganizerWebsite":"","_VenueAddress":"","_VenueCity":"","_VenueCountry":"","_VenueProvince":"","_VenueState":"","_VenueZip":"","_VenuePhone":"","_VenueURL":"","_VenueStateProvince":"","_VenueLat":"","_VenueLng":"","_VenueShowMap":false,"_VenueShowMapLink":false,"footnotes":""},"class_list":["post-1368","page","type-page","status-publish","hentry","description-off"],"yoast_head":"<!-- This site is optimized with the Yoast SEO plugin v27.3 - https:\/\/yoast.com\/product\/yoast-seo-wordpress\/ -->\n<title>Bibliographie - Conservatoire de l&#039;Abeille Noire<\/title>\n<meta name=\"robots\" content=\"index, follow, max-snippet:-1, max-image-preview:large, max-video-preview:-1\" \/>\n<link rel=\"canonical\" href=\"https:\/\/www.abeillenoire.eu\/cms\/bibliographie\/\" \/>\n<meta property=\"og:locale\" content=\"fr_FR\" \/>\n<meta property=\"og:type\" content=\"article\" \/>\n<meta property=\"og:title\" content=\"Bibliographie - Conservatoire de l&#039;Abeille Noire\" \/>\n<meta property=\"og:description\" content=\"[vc_row css=\u00a0\u00bb.vc_custom_1587109205965{padding-bottom: 50px !important;}\u00a0\u00bb][vc_column][vc_column_text] OUVRAGES SUR L&rsquo;APICULTURE Nous vous proposons une petite s\u00e9lection d\u2019ouvrages sur l\u2019apiculture. Certes ce n\u2019est pas une s\u00e9lection exhaustive tant le choix est vaste. Ces livres&hellip;\" \/>\n<meta property=\"og:url\" content=\"https:\/\/www.abeillenoire.eu\/cms\/bibliographie\/\" \/>\n<meta property=\"og:site_name\" content=\"Conservatoire de l&#039;Abeille Noire\" \/>\n<meta property=\"article:publisher\" content=\"https:\/\/www.facebook.com\/CANSOLOGNE\" \/>\n<meta property=\"article:modified_time\" content=\"2020-05-19T23:40:13+00:00\" \/>\n<meta name=\"twitter:card\" content=\"summary_large_image\" \/>\n<meta name=\"twitter:label1\" content=\"Dur\u00e9e de lecture estim\u00e9e\" \/>\n\t<meta name=\"twitter:data1\" content=\"2 minutes\" \/>\n<script type=\"application\/ld+json\" class=\"yoast-schema-graph\">{\"@context\":\"https:\\\/\\\/schema.org\",\"@graph\":[{\"@type\":\"WebPage\",\"@id\":\"https:\\\/\\\/www.abeillenoire.eu\\\/cms\\\/bibliographie\\\/\",\"url\":\"https:\\\/\\\/www.abeillenoire.eu\\\/cms\\\/bibliographie\\\/\",\"name\":\"Bibliographie - Conservatoire de l&#039;Abeille Noire\",\"isPartOf\":{\"@id\":\"https:\\\/\\\/www.abeillenoire.eu\\\/cms\\\/#website\"},\"datePublished\":\"2020-05-14T10:19:36+00:00\",\"dateModified\":\"2020-05-19T23:40:13+00:00\",\"breadcrumb\":{\"@id\":\"https:\\\/\\\/www.abeillenoire.eu\\\/cms\\\/bibliographie\\\/#breadcrumb\"},\"inLanguage\":\"fr-FR\",\"potentialAction\":[{\"@type\":\"ReadAction\",\"target\":[\"https:\\\/\\\/www.abeillenoire.eu\\\/cms\\\/bibliographie\\\/\"]}]},{\"@type\":\"BreadcrumbList\",\"@id\":\"https:\\\/\\\/www.abeillenoire.eu\\\/cms\\\/bibliographie\\\/#breadcrumb\",\"itemListElement\":[{\"@type\":\"ListItem\",\"position\":1,\"name\":\"Accueil\",\"item\":\"https:\\\/\\\/www.abeillenoire.eu\\\/cms\\\/\"},{\"@type\":\"ListItem\",\"position\":2,\"name\":\"Bibliographie\"}]},{\"@type\":\"WebSite\",\"@id\":\"https:\\\/\\\/www.abeillenoire.eu\\\/cms\\\/#website\",\"url\":\"https:\\\/\\\/www.abeillenoire.eu\\\/cms\\\/\",\"name\":\"Conservatoire de l&#039;Abeille Noire\",\"description\":\"\",\"publisher\":{\"@id\":\"https:\\\/\\\/www.abeillenoire.eu\\\/cms\\\/#organization\"},\"potentialAction\":[{\"@type\":\"SearchAction\",\"target\":{\"@type\":\"EntryPoint\",\"urlTemplate\":\"https:\\\/\\\/www.abeillenoire.eu\\\/cms\\\/?s={search_term_string}\"},\"query-input\":{\"@type\":\"PropertyValueSpecification\",\"valueRequired\":true,\"valueName\":\"search_term_string\"}}],\"inLanguage\":\"fr-FR\"},{\"@type\":\"Organization\",\"@id\":\"https:\\\/\\\/www.abeillenoire.eu\\\/cms\\\/#organization\",\"name\":\"Conservatoire de l'Abeille Noire en Val de Loire - Sologne - For\u00eat\",\"url\":\"https:\\\/\\\/www.abeillenoire.eu\\\/cms\\\/\",\"logo\":{\"@type\":\"ImageObject\",\"inLanguage\":\"fr-FR\",\"@id\":\"https:\\\/\\\/www.abeillenoire.eu\\\/cms\\\/#\\\/schema\\\/logo\\\/image\\\/\",\"url\":\"https:\\\/\\\/www.abeillenoire.eu\\\/cms\\\/wp-content\\\/uploads\\\/2020\\\/06\\\/logo-conservatoire-abeille-noire.jpg\",\"contentUrl\":\"https:\\\/\\\/www.abeillenoire.eu\\\/cms\\\/wp-content\\\/uploads\\\/2020\\\/06\\\/logo-conservatoire-abeille-noire.jpg\",\"width\":189,\"height\":88,\"caption\":\"Conservatoire de l'Abeille Noire en Val de Loire - Sologne - For\u00eat\"},\"image\":{\"@id\":\"https:\\\/\\\/www.abeillenoire.eu\\\/cms\\\/#\\\/schema\\\/logo\\\/image\\\/\"},\"sameAs\":[\"https:\\\/\\\/www.facebook.com\\\/CANSOLOGNE\",\"https:\\\/\\\/www.instagram.com\\\/conservatoire_abeille_noire\\\/\"]}]}<\/script>\n<!-- \/ Yoast SEO plugin. -->","yoast_head_json":{"title":"Bibliographie - Conservatoire de l&#039;Abeille Noire","robots":{"index":"index","follow":"follow","max-snippet":"max-snippet:-1","max-image-preview":"max-image-preview:large","max-video-preview":"max-video-preview:-1"},"canonical":"https:\/\/www.abeillenoire.eu\/cms\/bibliographie\/","og_locale":"fr_FR","og_type":"article","og_title":"Bibliographie - Conservatoire de l&#039;Abeille Noire","og_description":"[vc_row css=\u00a0\u00bb.vc_custom_1587109205965{padding-bottom: 50px !important;}\u00a0\u00bb][vc_column][vc_column_text] OUVRAGES SUR L&rsquo;APICULTURE Nous vous proposons une petite s\u00e9lection d\u2019ouvrages sur l\u2019apiculture. Certes ce n\u2019est pas une s\u00e9lection exhaustive tant le choix est vaste. Ces livres&hellip;","og_url":"https:\/\/www.abeillenoire.eu\/cms\/bibliographie\/","og_site_name":"Conservatoire de l&#039;Abeille Noire","article_publisher":"https:\/\/www.facebook.com\/CANSOLOGNE","article_modified_time":"2020-05-19T23:40:13+00:00","twitter_card":"summary_large_image","twitter_misc":{"Dur\u00e9e de lecture estim\u00e9e":"2 minutes"},"schema":{"@context":"https:\/\/schema.org","@graph":[{"@type":"WebPage","@id":"https:\/\/www.abeillenoire.eu\/cms\/bibliographie\/","url":"https:\/\/www.abeillenoire.eu\/cms\/bibliographie\/","name":"Bibliographie - Conservatoire de l&#039;Abeille Noire","isPartOf":{"@id":"https:\/\/www.abeillenoire.eu\/cms\/#website"},"datePublished":"2020-05-14T10:19:36+00:00","dateModified":"2020-05-19T23:40:13+00:00","breadcrumb":{"@id":"https:\/\/www.abeillenoire.eu\/cms\/bibliographie\/#breadcrumb"},"inLanguage":"fr-FR","potentialAction":[{"@type":"ReadAction","target":["https:\/\/www.abeillenoire.eu\/cms\/bibliographie\/"]}]},{"@type":"BreadcrumbList","@id":"https:\/\/www.abeillenoire.eu\/cms\/bibliographie\/#breadcrumb","itemListElement":[{"@type":"ListItem","position":1,"name":"Accueil","item":"https:\/\/www.abeillenoire.eu\/cms\/"},{"@type":"ListItem","position":2,"name":"Bibliographie"}]},{"@type":"WebSite","@id":"https:\/\/www.abeillenoire.eu\/cms\/#website","url":"https:\/\/www.abeillenoire.eu\/cms\/","name":"Conservatoire de l&#039;Abeille Noire","description":"","publisher":{"@id":"https:\/\/www.abeillenoire.eu\/cms\/#organization"},"potentialAction":[{"@type":"SearchAction","target":{"@type":"EntryPoint","urlTemplate":"https:\/\/www.abeillenoire.eu\/cms\/?s={search_term_string}"},"query-input":{"@type":"PropertyValueSpecification","valueRequired":true,"valueName":"search_term_string"}}],"inLanguage":"fr-FR"},{"@type":"Organization","@id":"https:\/\/www.abeillenoire.eu\/cms\/#organization","name":"Conservatoire de l'Abeille Noire en Val de Loire - Sologne - For\u00eat","url":"https:\/\/www.abeillenoire.eu\/cms\/","logo":{"@type":"ImageObject","inLanguage":"fr-FR","@id":"https:\/\/www.abeillenoire.eu\/cms\/#\/schema\/logo\/image\/","url":"https:\/\/www.abeillenoire.eu\/cms\/wp-content\/uploads\/2020\/06\/logo-conservatoire-abeille-noire.jpg","contentUrl":"https:\/\/www.abeillenoire.eu\/cms\/wp-content\/uploads\/2020\/06\/logo-conservatoire-abeille-noire.jpg","width":189,"height":88,"caption":"Conservatoire de l'Abeille Noire en Val de Loire - Sologne - For\u00eat"},"image":{"@id":"https:\/\/www.abeillenoire.eu\/cms\/#\/schema\/logo\/image\/"},"sameAs":["https:\/\/www.facebook.com\/CANSOLOGNE","https:\/\/www.instagram.com\/conservatoire_abeille_noire\/"]}]}},"_links":{"self":[{"href":"https:\/\/www.abeillenoire.eu\/cms\/wp-json\/wp\/v2\/pages\/1368","targetHints":{"allow":["GET"]}}],"collection":[{"href":"https:\/\/www.abeillenoire.eu\/cms\/wp-json\/wp\/v2\/pages"}],"about":[{"href":"https:\/\/www.abeillenoire.eu\/cms\/wp-json\/wp\/v2\/types\/page"}],"author":[{"embeddable":true,"href":"https:\/\/www.abeillenoire.eu\/cms\/wp-json\/wp\/v2\/users\/5"}],"replies":[{"embeddable":true,"href":"https:\/\/www.abeillenoire.eu\/cms\/wp-json\/wp\/v2\/comments?post=1368"}],"version-history":[{"count":1,"href":"https:\/\/www.abeillenoire.eu\/cms\/wp-json\/wp\/v2\/pages\/1368\/revisions"}],"predecessor-version":[{"id":1527,"href":"https:\/\/www.abeillenoire.eu\/cms\/wp-json\/wp\/v2\/pages\/1368\/revisions\/1527"}],"wp:attachment":[{"href":"https:\/\/www.abeillenoire.eu\/cms\/wp-json\/wp\/v2\/media?parent=1368"}],"curies":[{"name":"wp","href":"https:\/\/api.w.org\/{rel}","templated":true}]}}