{"id":1450,"date":"2020-05-18T16:13:44","date_gmt":"2020-05-18T14:13:44","guid":{"rendered":"https:\/\/abeillenoire.eu\/cms\/?page_id=1450"},"modified":"2020-06-09T23:44:29","modified_gmt":"2020-06-09T21:44:29","slug":"ressources","status":"publish","type":"page","link":"https:\/\/www.abeillenoire.eu\/cms\/ressources\/","title":{"rendered":"Ressources"},"content":{"rendered":"<div class=\"wpb-content-wrapper\"><p>[vc_row css=\u00a0\u00bb.vc_custom_1587397420937{margin-bottom: 30px !important;}\u00a0\u00bb][vc_column][vc_column_text css_animation=\u00a0\u00bbfadeIn\u00a0\u00bb]<\/p>\n<div>\n<p><em>Le conservatoire de l\u2019abeille noire en Centre Val de Loire s\u2019inscrit dans un vaste mouvement qui concerne tout l\u2019Ouest europ\u00e9en. Il est solidaire de quantit\u00e9 d\u2019actions locales ou europ\u00e9ennes qui visent par la conservation \u00e0 p\u00e9renniser des perles rares locales utiles aux g\u00e9n\u00e9rations futures. Nous ne n\u00e9gligeons aucune esp\u00e8ce d\u2019abeille, domestique ou sauvage, bien int\u00e9gr\u00e9e \u00e0 son environnement. Nous portons, au sein du milieu forestier une grande attention \u00e0 quantit\u00e9 d\u2019abeilles gr\u00e9gaires ou solitaires ainsi qu\u2019\u00e0 toute la diversit\u00e9 des insectes pollinisateurs.<\/em><\/p>\n<p><em>Les autres conservatoires d\u2019abeille noire, install\u00e9s ou en cours de cr\u00e9ation sont nos compagnons de route.<\/em><\/p>\n<\/div>\n<div><i>\u00a0<\/i><\/div>\n<div><i>Le Pr\u00e9sident du Conservatoire<\/i><\/div>\n<div><i>Fran\u00e7ois Breuzin<\/i><\/div>\n<p>[\/vc_column_text][\/vc_column][\/vc_row][vc_row css=\u00a0\u00bb.vc_custom_1587397266073{margin-bottom: 30px !important;}\u00a0\u00bb][vc_column]<div class=\"dt-fancy-separator title-left h3-size\" style=\"width: 100%;\"><div class=\"dt-fancy-title\" style=\"color: #cb9000;\"><span class=\"separator-holder separator-left\" style=\"border-color: #cb9000;\"><\/span>Les autres conservatoires<span class=\"separator-holder separator-right\" style=\"border-color: #cb9000;\"><\/span><\/div><\/div>[\/vc_column][\/vc_row][vc_row css=\u00a0\u00bb.vc_custom_1587397277593{margin-bottom: 30px !important;}\u00a0\u00bb][vc_column][vc_column_text]Ile de France: <a href=\"http:\/\/www.abeille-noire.org\">http:\/\/www.abeille-noire.org<\/a><\/p>\n<p>Orne:\u00a0 <a href=\"http:\/\/unionapicole61.free.fr\/CETAWEB\">http:\/\/unionapicole61.free.fr\/CETAWEB<\/a><\/p>\n<p>Ouessant: <a href=\"http:\/\/abeillenoireouessant.bzh\">http:\/\/abeillenoireouessant.bzh<\/a><\/p>\n<p>Groix: <a href=\"https:\/\/www.conservatoire-des-abeilles-noires-de-l-ile-de-groix.fr\">https:\/\/www.conservatoire-des-abeilles-noires-de-l-ile-de-groix.fr<\/a><\/p>\n<p>Belle-Ile en Mer: <a href=\"http:\/\/apcanbi.fr\">http:\/\/apcanbi.fr<\/a><\/p>\n<p>Loire atlantique: <a href=\"http:\/\/www.abeillenoire44.fr\/\">http:\/\/www.abeillenoire44.fr\/<\/a><\/p>\n<p>Auvergne: <a href=\"http:\/\/canec.fr\">http:\/\/canec.fr<\/a><\/p>\n<p>Savoie: <a href=\"http:\/\/www.ceta-de-savoie.sitew.fr\">http:\/\/www.ceta-de-savoie.sitew.fr<\/a><\/p>\n<p>Ard\u00e8che: <a href=\"https:\/\/www.abeillenoiredesboutieres.fr\">https:\/\/www.abeillenoiredesboutieres.fr<\/a><\/p>\n<p>C\u00e9vennes: <a href=\"http:\/\/www.ruchetronc.fr\">http:\/\/www.ruchetronc.fr<\/a><\/p>\n<p>Pyr\u00e9n\u00e9es: <a href=\"http:\/\/www.abeillenoirepyrenees.fr\">http:\/\/www.abeillenoirepyrenees.fr<\/a><\/p>\n<p>Un r\u00e9seau\u00a0fran\u00e7ais de conservatoires \u00e0 vocation europ\u00e9enne :<\/p>\n<p>La FedCAN: <a href=\"https:\/\/www.fedcan.org\">https:\/\/www.fedcan.org<\/a><\/p>\n<p>Une association qui fait du lobbying afin de faire \u00e9voluer les l\u00e9gislations en faveur de l\u2019abeille noire\u00a0: <a href=\"https:\/\/www.pollinis.org\/portail\/abeilles\/\">https:\/\/www.pollinis.org\/portail\/abeilles\/<\/a>[\/vc_column_text][\/vc_column][\/vc_row][vc_row css=\u00a0\u00bb.vc_custom_1587397266073{margin-bottom: 30px !important;}\u00a0\u00bb][vc_column]<div class=\"dt-fancy-separator title-left h3-size\" style=\"width: 100%;\"><div class=\"dt-fancy-title\" style=\"color: #cb9000;\"><span class=\"separator-holder separator-left\" style=\"border-color: #cb9000;\"><\/span>Ressources<span class=\"separator-holder separator-right\" style=\"border-color: #cb9000;\"><\/span><\/div><\/div>[\/vc_column][\/vc_row][vc_row css=\u00a0\u00bb.vc_custom_1587397277593{margin-bottom: 30px !important;}\u00a0\u00bb][vc_column width=\u00a0\u00bb1\/2&Prime;][vc_column_text]<\/p>\n<h6><strong>Bibliographie<\/strong><\/h6>\n<p><a href=\"\/cms\/bibliographie\/\" target=\"_blank\" rel=\"noopener noreferrer\"><strong><img loading=\"lazy\" decoding=\"async\" class=\"alignnone wp-image-1100 size-medium\" src=\"https:\/\/abeillenoire.eu\/cms\/wp-content\/uploads\/2020\/04\/Rucher-porte-de-Bracieux1485-300x200.jpg\" alt=\"\" width=\"300\" height=\"200\" srcset=\"https:\/\/www.abeillenoire.eu\/cms\/wp-content\/uploads\/2020\/04\/Rucher-porte-de-Bracieux1485-300x200.jpg 300w, https:\/\/www.abeillenoire.eu\/cms\/wp-content\/uploads\/2020\/04\/Rucher-porte-de-Bracieux1485-1024x684.jpg 1024w, https:\/\/www.abeillenoire.eu\/cms\/wp-content\/uploads\/2020\/04\/Rucher-porte-de-Bracieux1485-768x513.jpg 768w\" sizes=\"auto, (max-width: 300px) 100vw, 300px\" \/><\/strong><\/a>[\/vc_column_text][\/vc_column][vc_column width=\u00a0\u00bb1\/2&Prime;][vc_column_text]<\/p>\n<h6><strong>Comment acheter des abeilles ?\u00a0<\/strong><\/h6>\n<p><a href=\"https:\/\/abeillenoire.eu\/cms\/acheter-des-abeilles\/\" target=\"_blank\" rel=\"noopener noreferrer\"><strong><img loading=\"lazy\" decoding=\"async\" class=\"alignnone wp-image-1435 size-medium\" src=\"https:\/\/abeillenoire.eu\/cms\/wp-content\/uploads\/2020\/05\/reine-noire-conservatoire-abeille-300x199.jpg\" alt=\"\" width=\"300\" height=\"199\" srcset=\"https:\/\/www.abeillenoire.eu\/cms\/wp-content\/uploads\/2020\/05\/reine-noire-conservatoire-abeille-300x199.jpg 300w, https:\/\/www.abeillenoire.eu\/cms\/wp-content\/uploads\/2020\/05\/reine-noire-conservatoire-abeille-1024x679.jpg 1024w, https:\/\/www.abeillenoire.eu\/cms\/wp-content\/uploads\/2020\/05\/reine-noire-conservatoire-abeille-768x509.jpg 768w, https:\/\/www.abeillenoire.eu\/cms\/wp-content\/uploads\/2020\/05\/reine-noire-conservatoire-abeille-391x260.jpg 391w, https:\/\/www.abeillenoire.eu\/cms\/wp-content\/uploads\/2020\/05\/reine-noire-conservatoire-abeille.jpg 1500w\" sizes=\"auto, (max-width: 300px) 100vw, 300px\" \/><\/strong><\/a>[\/vc_column_text][\/vc_column][\/vc_row][vc_row css=\u00a0\u00bb.vc_custom_1587397277593{margin-bottom: 30px !important;}\u00a0\u00bb][vc_column width=\u00a0\u00bb1\/2&Prime;][vc_column_text]<\/p>\n<h6><strong>Cultiver la Biodiversit\u00e9<\/strong><\/h6>\n<p><a href=\"\/cms\/cultiver-la-biodiversite\/\" target=\"_blank\" rel=\"noopener noreferrer\"><strong><img loading=\"lazy\" decoding=\"async\" class=\"alignnone wp-image-1320 size-medium\" src=\"https:\/\/abeillenoire.eu\/cms\/wp-content\/uploads\/2020\/05\/21-coq-et-bleuet5191-300x199.jpg\" alt=\"\" width=\"300\" height=\"199\" srcset=\"https:\/\/www.abeillenoire.eu\/cms\/wp-content\/uploads\/2020\/05\/21-coq-et-bleuet5191-300x199.jpg 300w, https:\/\/www.abeillenoire.eu\/cms\/wp-content\/uploads\/2020\/05\/21-coq-et-bleuet5191-1024x681.jpg 1024w, https:\/\/www.abeillenoire.eu\/cms\/wp-content\/uploads\/2020\/05\/21-coq-et-bleuet5191-768x511.jpg 768w, https:\/\/www.abeillenoire.eu\/cms\/wp-content\/uploads\/2020\/05\/21-coq-et-bleuet5191-391x260.jpg 391w, https:\/\/www.abeillenoire.eu\/cms\/wp-content\/uploads\/2020\/05\/21-coq-et-bleuet5191-1536x1021.jpg 1536w, https:\/\/www.abeillenoire.eu\/cms\/wp-content\/uploads\/2020\/05\/21-coq-et-bleuet5191-2048x1362.jpg 2048w\" sizes=\"auto, (max-width: 300px) 100vw, 300px\" \/><\/strong><\/a>[\/vc_column_text][\/vc_column][vc_column width=\u00a0\u00bb1\/2&Prime;][\/vc_column][\/vc_row]<\/p>\n<\/div>","protected":false},"excerpt":{"rendered":"<p>[vc_row css=\u00a0\u00bb.vc_custom_1587397420937{margin-bottom: 30px !important;}\u00a0\u00bb][vc_column][vc_column_text css_animation=\u00a0\u00bbfadeIn\u00a0\u00bb] Le conservatoire de l\u2019abeille noire en Centre Val de Loire s\u2019inscrit dans un vaste mouvement qui concerne tout l\u2019Ouest europ\u00e9en. Il est solidaire de quantit\u00e9&hellip;<\/p>\n","protected":false},"author":5,"featured_media":0,"parent":0,"menu_order":0,"comment_status":"closed","ping_status":"closed","template":"","meta":{"_EventAllDay":false,"_EventTimezone":"","_EventStartDate":"","_EventEndDate":"","_EventStartDateUTC":"","_EventEndDateUTC":"","_EventShowMap":false,"_EventShowMapLink":false,"_EventURL":"","_EventCost":"","_EventCostDescription":"","_EventCurrencySymbol":"","_EventCurrencyCode":"","_EventCurrencyPosition":"","_EventDateTimeSeparator":"","_EventTimeRangeSeparator":"","_EventOrganizerID":[],"_EventVenueID":[],"_OrganizerEmail":"","_OrganizerPhone":"","_OrganizerWebsite":"","_VenueAddress":"","_VenueCity":"","_VenueCountry":"","_VenueProvince":"","_VenueState":"","_VenueZip":"","_VenuePhone":"","_VenueURL":"","_VenueStateProvince":"","_VenueLat":"","_VenueLng":"","_VenueShowMap":false,"_VenueShowMapLink":false,"footnotes":""},"class_list":["post-1450","page","type-page","status-publish","hentry","description-off"],"yoast_head":"<!-- This site is optimized with the Yoast SEO plugin v27.3 - https:\/\/yoast.com\/product\/yoast-seo-wordpress\/ -->\n<title>Ressources - Conservatoire de l&#039;Abeille Noire<\/title>\n<meta name=\"robots\" content=\"index, follow, max-snippet:-1, max-image-preview:large, max-video-preview:-1\" \/>\n<link rel=\"canonical\" href=\"https:\/\/www.abeillenoire.eu\/cms\/ressources\/\" \/>\n<meta property=\"og:locale\" content=\"fr_FR\" \/>\n<meta property=\"og:type\" content=\"article\" \/>\n<meta property=\"og:title\" content=\"Ressources - Conservatoire de l&#039;Abeille Noire\" \/>\n<meta property=\"og:description\" content=\"[vc_row css=\u00a0\u00bb.vc_custom_1587397420937{margin-bottom: 30px !important;}\u00a0\u00bb][vc_column][vc_column_text css_animation=\u00a0\u00bbfadeIn\u00a0\u00bb] Le conservatoire de l\u2019abeille noire en Centre Val de Loire s\u2019inscrit dans un vaste mouvement qui concerne tout l\u2019Ouest europ\u00e9en. Il est solidaire de quantit\u00e9&hellip;\" \/>\n<meta property=\"og:url\" content=\"https:\/\/www.abeillenoire.eu\/cms\/ressources\/\" \/>\n<meta property=\"og:site_name\" content=\"Conservatoire de l&#039;Abeille Noire\" \/>\n<meta property=\"article:publisher\" content=\"https:\/\/www.facebook.com\/CANSOLOGNE\" \/>\n<meta property=\"article:modified_time\" content=\"2020-06-09T21:44:29+00:00\" \/>\n<meta property=\"og:image\" content=\"https:\/\/abeillenoire.eu\/cms\/wp-content\/uploads\/2020\/04\/Rucher-porte-de-Bracieux1485-300x200.jpg\" \/>\n<meta name=\"twitter:card\" content=\"summary_large_image\" \/>\n<meta name=\"twitter:label1\" content=\"Dur\u00e9e de lecture estim\u00e9e\" \/>\n\t<meta name=\"twitter:data1\" content=\"2 minutes\" \/>\n<script type=\"application\/ld+json\" class=\"yoast-schema-graph\">{\"@context\":\"https:\\\/\\\/schema.org\",\"@graph\":[{\"@type\":\"WebPage\",\"@id\":\"https:\\\/\\\/www.abeillenoire.eu\\\/cms\\\/ressources\\\/\",\"url\":\"https:\\\/\\\/www.abeillenoire.eu\\\/cms\\\/ressources\\\/\",\"name\":\"Ressources - Conservatoire de l&#039;Abeille Noire\",\"isPartOf\":{\"@id\":\"https:\\\/\\\/www.abeillenoire.eu\\\/cms\\\/#website\"},\"primaryImageOfPage\":{\"@id\":\"https:\\\/\\\/www.abeillenoire.eu\\\/cms\\\/ressources\\\/#primaryimage\"},\"image\":{\"@id\":\"https:\\\/\\\/www.abeillenoire.eu\\\/cms\\\/ressources\\\/#primaryimage\"},\"thumbnailUrl\":\"https:\\\/\\\/abeillenoire.eu\\\/cms\\\/wp-content\\\/uploads\\\/2020\\\/04\\\/Rucher-porte-de-Bracieux1485-300x200.jpg\",\"datePublished\":\"2020-05-18T14:13:44+00:00\",\"dateModified\":\"2020-06-09T21:44:29+00:00\",\"breadcrumb\":{\"@id\":\"https:\\\/\\\/www.abeillenoire.eu\\\/cms\\\/ressources\\\/#breadcrumb\"},\"inLanguage\":\"fr-FR\",\"potentialAction\":[{\"@type\":\"ReadAction\",\"target\":[\"https:\\\/\\\/www.abeillenoire.eu\\\/cms\\\/ressources\\\/\"]}]},{\"@type\":\"ImageObject\",\"inLanguage\":\"fr-FR\",\"@id\":\"https:\\\/\\\/www.abeillenoire.eu\\\/cms\\\/ressources\\\/#primaryimage\",\"url\":\"https:\\\/\\\/abeillenoire.eu\\\/cms\\\/wp-content\\\/uploads\\\/2020\\\/04\\\/Rucher-porte-de-Bracieux1485-300x200.jpg\",\"contentUrl\":\"https:\\\/\\\/abeillenoire.eu\\\/cms\\\/wp-content\\\/uploads\\\/2020\\\/04\\\/Rucher-porte-de-Bracieux1485-300x200.jpg\"},{\"@type\":\"BreadcrumbList\",\"@id\":\"https:\\\/\\\/www.abeillenoire.eu\\\/cms\\\/ressources\\\/#breadcrumb\",\"itemListElement\":[{\"@type\":\"ListItem\",\"position\":1,\"name\":\"Accueil\",\"item\":\"https:\\\/\\\/www.abeillenoire.eu\\\/cms\\\/\"},{\"@type\":\"ListItem\",\"position\":2,\"name\":\"Ressources\"}]},{\"@type\":\"WebSite\",\"@id\":\"https:\\\/\\\/www.abeillenoire.eu\\\/cms\\\/#website\",\"url\":\"https:\\\/\\\/www.abeillenoire.eu\\\/cms\\\/\",\"name\":\"Conservatoire de l&#039;Abeille Noire\",\"description\":\"\",\"publisher\":{\"@id\":\"https:\\\/\\\/www.abeillenoire.eu\\\/cms\\\/#organization\"},\"potentialAction\":[{\"@type\":\"SearchAction\",\"target\":{\"@type\":\"EntryPoint\",\"urlTemplate\":\"https:\\\/\\\/www.abeillenoire.eu\\\/cms\\\/?s={search_term_string}\"},\"query-input\":{\"@type\":\"PropertyValueSpecification\",\"valueRequired\":true,\"valueName\":\"search_term_string\"}}],\"inLanguage\":\"fr-FR\"},{\"@type\":\"Organization\",\"@id\":\"https:\\\/\\\/www.abeillenoire.eu\\\/cms\\\/#organization\",\"name\":\"Conservatoire de l'Abeille Noire en Val de Loire - Sologne - For\u00eat\",\"url\":\"https:\\\/\\\/www.abeillenoire.eu\\\/cms\\\/\",\"logo\":{\"@type\":\"ImageObject\",\"inLanguage\":\"fr-FR\",\"@id\":\"https:\\\/\\\/www.abeillenoire.eu\\\/cms\\\/#\\\/schema\\\/logo\\\/image\\\/\",\"url\":\"https:\\\/\\\/www.abeillenoire.eu\\\/cms\\\/wp-content\\\/uploads\\\/2020\\\/06\\\/logo-conservatoire-abeille-noire.jpg\",\"contentUrl\":\"https:\\\/\\\/www.abeillenoire.eu\\\/cms\\\/wp-content\\\/uploads\\\/2020\\\/06\\\/logo-conservatoire-abeille-noire.jpg\",\"width\":189,\"height\":88,\"caption\":\"Conservatoire de l'Abeille Noire en Val de Loire - Sologne - For\u00eat\"},\"image\":{\"@id\":\"https:\\\/\\\/www.abeillenoire.eu\\\/cms\\\/#\\\/schema\\\/logo\\\/image\\\/\"},\"sameAs\":[\"https:\\\/\\\/www.facebook.com\\\/CANSOLOGNE\",\"https:\\\/\\\/www.instagram.com\\\/conservatoire_abeille_noire\\\/\"]}]}<\/script>\n<!-- \/ Yoast SEO plugin. -->","yoast_head_json":{"title":"Ressources - Conservatoire de l&#039;Abeille Noire","robots":{"index":"index","follow":"follow","max-snippet":"max-snippet:-1","max-image-preview":"max-image-preview:large","max-video-preview":"max-video-preview:-1"},"canonical":"https:\/\/www.abeillenoire.eu\/cms\/ressources\/","og_locale":"fr_FR","og_type":"article","og_title":"Ressources - Conservatoire de l&#039;Abeille Noire","og_description":"[vc_row css=\u00a0\u00bb.vc_custom_1587397420937{margin-bottom: 30px !important;}\u00a0\u00bb][vc_column][vc_column_text css_animation=\u00a0\u00bbfadeIn\u00a0\u00bb] Le conservatoire de l\u2019abeille noire en Centre Val de Loire s\u2019inscrit dans un vaste mouvement qui concerne tout l\u2019Ouest europ\u00e9en. Il est solidaire de quantit\u00e9&hellip;","og_url":"https:\/\/www.abeillenoire.eu\/cms\/ressources\/","og_site_name":"Conservatoire de l&#039;Abeille Noire","article_publisher":"https:\/\/www.facebook.com\/CANSOLOGNE","article_modified_time":"2020-06-09T21:44:29+00:00","og_image":[{"url":"https:\/\/abeillenoire.eu\/cms\/wp-content\/uploads\/2020\/04\/Rucher-porte-de-Bracieux1485-300x200.jpg","type":"","width":"","height":""}],"twitter_card":"summary_large_image","twitter_misc":{"Dur\u00e9e de lecture estim\u00e9e":"2 minutes"},"schema":{"@context":"https:\/\/schema.org","@graph":[{"@type":"WebPage","@id":"https:\/\/www.abeillenoire.eu\/cms\/ressources\/","url":"https:\/\/www.abeillenoire.eu\/cms\/ressources\/","name":"Ressources - Conservatoire de l&#039;Abeille Noire","isPartOf":{"@id":"https:\/\/www.abeillenoire.eu\/cms\/#website"},"primaryImageOfPage":{"@id":"https:\/\/www.abeillenoire.eu\/cms\/ressources\/#primaryimage"},"image":{"@id":"https:\/\/www.abeillenoire.eu\/cms\/ressources\/#primaryimage"},"thumbnailUrl":"https:\/\/abeillenoire.eu\/cms\/wp-content\/uploads\/2020\/04\/Rucher-porte-de-Bracieux1485-300x200.jpg","datePublished":"2020-05-18T14:13:44+00:00","dateModified":"2020-06-09T21:44:29+00:00","breadcrumb":{"@id":"https:\/\/www.abeillenoire.eu\/cms\/ressources\/#breadcrumb"},"inLanguage":"fr-FR","potentialAction":[{"@type":"ReadAction","target":["https:\/\/www.abeillenoire.eu\/cms\/ressources\/"]}]},{"@type":"ImageObject","inLanguage":"fr-FR","@id":"https:\/\/www.abeillenoire.eu\/cms\/ressources\/#primaryimage","url":"https:\/\/abeillenoire.eu\/cms\/wp-content\/uploads\/2020\/04\/Rucher-porte-de-Bracieux1485-300x200.jpg","contentUrl":"https:\/\/abeillenoire.eu\/cms\/wp-content\/uploads\/2020\/04\/Rucher-porte-de-Bracieux1485-300x200.jpg"},{"@type":"BreadcrumbList","@id":"https:\/\/www.abeillenoire.eu\/cms\/ressources\/#breadcrumb","itemListElement":[{"@type":"ListItem","position":1,"name":"Accueil","item":"https:\/\/www.abeillenoire.eu\/cms\/"},{"@type":"ListItem","position":2,"name":"Ressources"}]},{"@type":"WebSite","@id":"https:\/\/www.abeillenoire.eu\/cms\/#website","url":"https:\/\/www.abeillenoire.eu\/cms\/","name":"Conservatoire de l&#039;Abeille Noire","description":"","publisher":{"@id":"https:\/\/www.abeillenoire.eu\/cms\/#organization"},"potentialAction":[{"@type":"SearchAction","target":{"@type":"EntryPoint","urlTemplate":"https:\/\/www.abeillenoire.eu\/cms\/?s={search_term_string}"},"query-input":{"@type":"PropertyValueSpecification","valueRequired":true,"valueName":"search_term_string"}}],"inLanguage":"fr-FR"},{"@type":"Organization","@id":"https:\/\/www.abeillenoire.eu\/cms\/#organization","name":"Conservatoire de l'Abeille Noire en Val de Loire - Sologne - For\u00eat","url":"https:\/\/www.abeillenoire.eu\/cms\/","logo":{"@type":"ImageObject","inLanguage":"fr-FR","@id":"https:\/\/www.abeillenoire.eu\/cms\/#\/schema\/logo\/image\/","url":"https:\/\/www.abeillenoire.eu\/cms\/wp-content\/uploads\/2020\/06\/logo-conservatoire-abeille-noire.jpg","contentUrl":"https:\/\/www.abeillenoire.eu\/cms\/wp-content\/uploads\/2020\/06\/logo-conservatoire-abeille-noire.jpg","width":189,"height":88,"caption":"Conservatoire de l'Abeille Noire en Val de Loire - Sologne - For\u00eat"},"image":{"@id":"https:\/\/www.abeillenoire.eu\/cms\/#\/schema\/logo\/image\/"},"sameAs":["https:\/\/www.facebook.com\/CANSOLOGNE","https:\/\/www.instagram.com\/conservatoire_abeille_noire\/"]}]}},"_links":{"self":[{"href":"https:\/\/www.abeillenoire.eu\/cms\/wp-json\/wp\/v2\/pages\/1450","targetHints":{"allow":["GET"]}}],"collection":[{"href":"https:\/\/www.abeillenoire.eu\/cms\/wp-json\/wp\/v2\/pages"}],"about":[{"href":"https:\/\/www.abeillenoire.eu\/cms\/wp-json\/wp\/v2\/types\/page"}],"author":[{"embeddable":true,"href":"https:\/\/www.abeillenoire.eu\/cms\/wp-json\/wp\/v2\/users\/5"}],"replies":[{"embeddable":true,"href":"https:\/\/www.abeillenoire.eu\/cms\/wp-json\/wp\/v2\/comments?post=1450"}],"version-history":[{"count":8,"href":"https:\/\/www.abeillenoire.eu\/cms\/wp-json\/wp\/v2\/pages\/1450\/revisions"}],"predecessor-version":[{"id":1680,"href":"https:\/\/www.abeillenoire.eu\/cms\/wp-json\/wp\/v2\/pages\/1450\/revisions\/1680"}],"wp:attachment":[{"href":"https:\/\/www.abeillenoire.eu\/cms\/wp-json\/wp\/v2\/media?parent=1450"}],"curies":[{"name":"wp","href":"https:\/\/api.w.org\/{rel}","templated":true}]}}